{"id":82,"date":"2020-07-29T11:06:25","date_gmt":"2020-07-29T11:06:25","guid":{"rendered":"https:\/\/suministrosmaiz.com\/tienda\r\n\/?page_id=82"},"modified":"2020-07-29T11:06:25","modified_gmt":"2020-07-29T11:06:25","slug":"aviso-legal","status":"publish","type":"page","link":"https:\/\/suministrosmaiz.com\/tienda\/aviso-legal\/","title":{"rendered":"AVISO LEGAL"},"content":{"rendered":"<p>De conformidad con lo establecido en la normativa vigente en Protecci\u00f3n de Datos de Car\u00e1cter<br \/>\nPersonal, le informamos que sus datos ser\u00e1n incorporados al sistema de tratamiento titularidad deDe conformidad con lo establecido en la normativa vigente en Protecci\u00f3n de Datos de Car\u00e1cter<br \/>\nPersonal, le informamos que sus datos ser\u00e1n incorporados al sistema de tratamiento titularidad de<br \/>\nSUMINISTROS MAIZ SL con CIF B75146720 y domicilio social sito en POL. IND. UGALDEA 18<br \/>\n20170, USURBIL (GUIP\u00daZCOA), con la finalidad de atender sus consultas. En cumplimiento con la<br \/>\nnormativa vigente, SUMINISTROS MAIZ SL informa que los datos ser\u00e1n conservados durante el<br \/>\nplazo estrictamente necesario para cumplir con los preceptos mencionados con anterioridad.<br \/>\nLe informamos que el tratamiento de sus datos est\u00e1 legitimado por su consentimiento.<br \/>\nSUMINISTROS MAIZ SL informa que proceder\u00e1 a tratar los datos de manera l\u00edcita, leal, transparente,<br \/>\nadecuada, pertinente, limitada, exacta y actualizada. Es por ello que SUMINISTROS MAIZ SL se<br \/>\ncompromete a adoptar todas las medidas razonables para que estos se supriman o rectifiquen sin<br \/>\ndilaci\u00f3n cuando sean inexactos.<br \/>\nDe acuerdo con los derechos que le confiere el la normativa vigente en protecci\u00f3n de datos podr\u00e1<br \/>\nejercer los derechos de acceso, rectificaci\u00f3n, limitaci\u00f3n de tratamiento, supresi\u00f3n, portabilidad y<br \/>\noposici\u00f3n al tratamiento de sus datos de car\u00e1cter personal as\u00ed como del consentimiento prestado para<br \/>\nel tratamiento de los mismos, dirigiendo su petici\u00f3n a la direcci\u00f3n postal indicada m\u00e1s arriba o al<br \/>\ncorreo electr\u00f3nico administracion@suministrosmaiz.com\/tiendaPodr\u00e1 dirigirse a la Autoridad de Control competente para presentar la reclamaci\u00f3n que considere<br \/>\noportuna.<br \/>\nEl env\u00edo de estos datos implica la aceptaci\u00f3n de esta cl\u00e1usula.<br \/>\nSUMINISTROS MAIZ SL con CIF B75146720 y domicilio social sito en POL. IND. UGALDEA 18<br \/>\n20170, USURBIL (GUIP\u00daZCOA), con la finalidad de atender sus consultas. En cumplimiento con la<br \/>\nnormativa vigente, SUMINISTROS MAIZ SL informa que los datos ser\u00e1n conservados durante el<br \/>\nplazo estrictamente necesario para cumplir con los preceptos mencionados con anterioridad.<br \/>\nLe informamos que el tratamiento de sus datos est\u00e1 legitimado por su consentimiento.<br \/>\nSUMINISTROS MAIZ SL informa que proceder\u00e1 a tratar los datos de manera l\u00edcita, leal, transparente,<br \/>\nadecuada, pertinente, limitada, exacta y actualizada. Es por ello que SUMINISTROS MAIZ SL se<br \/>\ncompromete a adoptar todas las medidas razonables para que estos se supriman o rectifiquen sin<br \/>\ndilaci\u00f3n cuando sean inexactos.<br \/>\nDe acuerdo con los derechos que le confiere el la normativa vigente en protecci\u00f3n de datos podr\u00e1<br \/>\nejercer los derechos de acceso, rectificaci\u00f3n, limitaci\u00f3n de tratamiento, supresi\u00f3n, portabilidad y<br \/>\noposici\u00f3n al tratamiento de sus datos de car\u00e1cter personal as\u00ed como del consentimiento prestado para<br \/>\nel tratamiento de los mismos, dirigiendo su petici\u00f3n a la direcci\u00f3n postal indicada m\u00e1s arriba o al<br \/>\ncorreo electr\u00f3nico administracion@suministrosmaiz.com\/tiendaPodr\u00e1 dirigirse a la Autoridad de Control competente para presentar la reclamaci\u00f3n que considere<br \/>\noportuna.<br \/>\nEl env\u00edo de estos datos implica la aceptaci\u00f3n de esta cl\u00e1usula.<\/p>\n","protected":false},"excerpt":{"rendered":"<p>De conformidad con lo establecido en la normativa vigente en Protecci\u00f3n de Datos de Car\u00e1cter Personal, le informamos que sus datos ser\u00e1n incorporados al sistema de tratamiento titularidad deDe conformidad con lo establecido en la normativa vigente en Protecci\u00f3n de Datos de Car\u00e1cter Personal, le informamos que sus datos ser\u00e1n incorporados al sistema de tratamiento [&hellip;]<\/p>\n","protected":false},"author":1,"featured_media":0,"parent":0,"menu_order":0,"comment_status":"closed","ping_status":"closed","template":"","meta":{"_et_pb_use_builder":"","_et_pb_old_content":"","_et_gb_content_width":"","footnotes":""},"class_list":["post-82","page","type-page","status-publish","hentry"],"yoast_head":"<!-- This site is optimized with the Yoast SEO plugin v27.6 - https:\/\/yoast.com\/product\/yoast-seo-wordpress\/ -->\n<title>AVISO LEGAL - SUMINISTROS MAIZ<\/title>\n<meta name=\"robots\" content=\"index, follow, max-snippet:-1, max-image-preview:large, max-video-preview:-1\" \/>\n<link rel=\"canonical\" href=\"https:\/\/suministrosmaiz.com\/tienda\/aviso-legal\/\" \/>\n<meta property=\"og:locale\" content=\"es_ES\" \/>\n<meta property=\"og:type\" content=\"article\" \/>\n<meta property=\"og:title\" content=\"AVISO LEGAL - SUMINISTROS MAIZ\" \/>\n<meta property=\"og:description\" content=\"De conformidad con lo establecido en la normativa vigente en Protecci\u00f3n de Datos de Car\u00e1cter Personal, le informamos que sus datos ser\u00e1n incorporados al sistema de tratamiento titularidad deDe conformidad con lo establecido en la normativa vigente en Protecci\u00f3n de Datos de Car\u00e1cter Personal, le informamos que sus datos ser\u00e1n incorporados al sistema de tratamiento [&hellip;]\" \/>\n<meta property=\"og:url\" content=\"https:\/\/suministrosmaiz.com\/tienda\/aviso-legal\/\" \/>\n<meta property=\"og:site_name\" content=\"SUMINISTROS MAIZ\" \/>\n<meta name=\"twitter:card\" content=\"summary_large_image\" \/>\n<meta name=\"twitter:label1\" content=\"Tiempo de lectura\" \/>\n\t<meta name=\"twitter:data1\" content=\"3 minutos\" \/>\n<script type=\"application\/ld+json\" class=\"yoast-schema-graph\">{\"@context\":\"https:\\\/\\\/schema.org\",\"@graph\":[{\"@type\":\"WebPage\",\"@id\":\"https:\\\/\\\/suministrosmaiz.com\\\/tienda\\\/aviso-legal\\\/\",\"url\":\"https:\\\/\\\/suministrosmaiz.com\\\/tienda\\\/aviso-legal\\\/\",\"name\":\"AVISO LEGAL - SUMINISTROS MAIZ\",\"isPartOf\":{\"@id\":\"https:\\\/\\\/suministrosmaiz.com\\\/tienda\\\/#website\"},\"datePublished\":\"2020-07-29T11:06:25+00:00\",\"breadcrumb\":{\"@id\":\"https:\\\/\\\/suministrosmaiz.com\\\/tienda\\\/aviso-legal\\\/#breadcrumb\"},\"inLanguage\":\"es\",\"potentialAction\":[{\"@type\":\"ReadAction\",\"target\":[\"https:\\\/\\\/suministrosmaiz.com\\\/tienda\\\/aviso-legal\\\/\"]}]},{\"@type\":\"BreadcrumbList\",\"@id\":\"https:\\\/\\\/suministrosmaiz.com\\\/tienda\\\/aviso-legal\\\/#breadcrumb\",\"itemListElement\":[{\"@type\":\"ListItem\",\"position\":1,\"name\":\"Portada\",\"item\":\"https:\\\/\\\/suministrosmaiz.com\\\/tienda\\\/\"},{\"@type\":\"ListItem\",\"position\":2,\"name\":\"AVISO LEGAL\"}]},{\"@type\":\"WebSite\",\"@id\":\"https:\\\/\\\/suministrosmaiz.com\\\/tienda\\\/#website\",\"url\":\"https:\\\/\\\/suministrosmaiz.com\\\/tienda\\\/\",\"name\":\"SUMINISTROS MAIZ\",\"description\":\"Herramientas y Maquinaria para la Madera\",\"publisher\":{\"@id\":\"https:\\\/\\\/suministrosmaiz.com\\\/tienda\\\/#organization\"},\"potentialAction\":[{\"@type\":\"SearchAction\",\"target\":{\"@type\":\"EntryPoint\",\"urlTemplate\":\"https:\\\/\\\/suministrosmaiz.com\\\/tienda\\\/?s={search_term_string}\"},\"query-input\":{\"@type\":\"PropertyValueSpecification\",\"valueRequired\":true,\"valueName\":\"search_term_string\"}}],\"inLanguage\":\"es\"},{\"@type\":\"Organization\",\"@id\":\"https:\\\/\\\/suministrosmaiz.com\\\/tienda\\\/#organization\",\"name\":\"SUMINISTROS CARPINTER\u00cdA MAIZ\",\"url\":\"https:\\\/\\\/suministrosmaiz.com\\\/tienda\\\/\",\"logo\":{\"@type\":\"ImageObject\",\"inLanguage\":\"es\",\"@id\":\"https:\\\/\\\/suministrosmaiz.com\\\/tienda\\\/#\\\/schema\\\/logo\\\/image\\\/\",\"url\":\"https:\\\/\\\/suministrosmaiz.com\\\/tienda\\\/wp-content\\\/uploads\\\/2020\\\/07\\\/suministros-maiz1464871156.png\",\"contentUrl\":\"https:\\\/\\\/suministrosmaiz.com\\\/tienda\\\/wp-content\\\/uploads\\\/2020\\\/07\\\/suministros-maiz1464871156.png\",\"width\":235,\"height\":80,\"caption\":\"SUMINISTROS CARPINTER\u00cdA MAIZ\"},\"image\":{\"@id\":\"https:\\\/\\\/suministrosmaiz.com\\\/tienda\\\/#\\\/schema\\\/logo\\\/image\\\/\"}}]}<\/script>\n<!-- \/ Yoast SEO plugin. -->","yoast_head_json":{"title":"AVISO LEGAL - SUMINISTROS MAIZ","robots":{"index":"index","follow":"follow","max-snippet":"max-snippet:-1","max-image-preview":"max-image-preview:large","max-video-preview":"max-video-preview:-1"},"canonical":"https:\/\/suministrosmaiz.com\/tienda\/aviso-legal\/","og_locale":"es_ES","og_type":"article","og_title":"AVISO LEGAL - SUMINISTROS MAIZ","og_description":"De conformidad con lo establecido en la normativa vigente en Protecci\u00f3n de Datos de Car\u00e1cter Personal, le informamos que sus datos ser\u00e1n incorporados al sistema de tratamiento titularidad deDe conformidad con lo establecido en la normativa vigente en Protecci\u00f3n de Datos de Car\u00e1cter Personal, le informamos que sus datos ser\u00e1n incorporados al sistema de tratamiento [&hellip;]","og_url":"https:\/\/suministrosmaiz.com\/tienda\/aviso-legal\/","og_site_name":"SUMINISTROS MAIZ","twitter_card":"summary_large_image","twitter_misc":{"Tiempo de lectura":"3 minutos"},"schema":{"@context":"https:\/\/schema.org","@graph":[{"@type":"WebPage","@id":"https:\/\/suministrosmaiz.com\/tienda\/aviso-legal\/","url":"https:\/\/suministrosmaiz.com\/tienda\/aviso-legal\/","name":"AVISO LEGAL - SUMINISTROS MAIZ","isPartOf":{"@id":"https:\/\/suministrosmaiz.com\/tienda\/#website"},"datePublished":"2020-07-29T11:06:25+00:00","breadcrumb":{"@id":"https:\/\/suministrosmaiz.com\/tienda\/aviso-legal\/#breadcrumb"},"inLanguage":"es","potentialAction":[{"@type":"ReadAction","target":["https:\/\/suministrosmaiz.com\/tienda\/aviso-legal\/"]}]},{"@type":"BreadcrumbList","@id":"https:\/\/suministrosmaiz.com\/tienda\/aviso-legal\/#breadcrumb","itemListElement":[{"@type":"ListItem","position":1,"name":"Portada","item":"https:\/\/suministrosmaiz.com\/tienda\/"},{"@type":"ListItem","position":2,"name":"AVISO LEGAL"}]},{"@type":"WebSite","@id":"https:\/\/suministrosmaiz.com\/tienda\/#website","url":"https:\/\/suministrosmaiz.com\/tienda\/","name":"SUMINISTROS MAIZ","description":"Herramientas y Maquinaria para la Madera","publisher":{"@id":"https:\/\/suministrosmaiz.com\/tienda\/#organization"},"potentialAction":[{"@type":"SearchAction","target":{"@type":"EntryPoint","urlTemplate":"https:\/\/suministrosmaiz.com\/tienda\/?s={search_term_string}"},"query-input":{"@type":"PropertyValueSpecification","valueRequired":true,"valueName":"search_term_string"}}],"inLanguage":"es"},{"@type":"Organization","@id":"https:\/\/suministrosmaiz.com\/tienda\/#organization","name":"SUMINISTROS CARPINTER\u00cdA MAIZ","url":"https:\/\/suministrosmaiz.com\/tienda\/","logo":{"@type":"ImageObject","inLanguage":"es","@id":"https:\/\/suministrosmaiz.com\/tienda\/#\/schema\/logo\/image\/","url":"https:\/\/suministrosmaiz.com\/tienda\/wp-content\/uploads\/2020\/07\/suministros-maiz1464871156.png","contentUrl":"https:\/\/suministrosmaiz.com\/tienda\/wp-content\/uploads\/2020\/07\/suministros-maiz1464871156.png","width":235,"height":80,"caption":"SUMINISTROS CARPINTER\u00cdA MAIZ"},"image":{"@id":"https:\/\/suministrosmaiz.com\/tienda\/#\/schema\/logo\/image\/"}}]}},"_links":{"self":[{"href":"https:\/\/suministrosmaiz.com\/tienda\/wp-json\/wp\/v2\/pages\/82","targetHints":{"allow":["GET"]}}],"collection":[{"href":"https:\/\/suministrosmaiz.com\/tienda\/wp-json\/wp\/v2\/pages"}],"about":[{"href":"https:\/\/suministrosmaiz.com\/tienda\/wp-json\/wp\/v2\/types\/page"}],"author":[{"embeddable":true,"href":"https:\/\/suministrosmaiz.com\/tienda\/wp-json\/wp\/v2\/users\/1"}],"replies":[{"embeddable":true,"href":"https:\/\/suministrosmaiz.com\/tienda\/wp-json\/wp\/v2\/comments?post=82"}],"version-history":[{"count":1,"href":"https:\/\/suministrosmaiz.com\/tienda\/wp-json\/wp\/v2\/pages\/82\/revisions"}],"predecessor-version":[{"id":83,"href":"https:\/\/suministrosmaiz.com\/tienda\/wp-json\/wp\/v2\/pages\/82\/revisions\/83"}],"wp:attachment":[{"href":"https:\/\/suministrosmaiz.com\/tienda\/wp-json\/wp\/v2\/media?parent=82"}],"curies":[{"name":"wp","href":"https:\/\/api.w.org\/{rel}","templated":true}]}}