{"id":967,"date":"2023-04-21T09:21:40","date_gmt":"2023-04-21T09:21:40","guid":{"rendered":"https:\/\/suministrosmaiz.com\/tienda\r\n\/?page_id=967"},"modified":"2023-04-21T09:21:40","modified_gmt":"2023-04-21T09:21:40","slug":"condiciones-de-envio","status":"publish","type":"page","link":"https:\/\/suministrosmaiz.com\/tienda\/condiciones-de-envio\/","title":{"rendered":"Condiciones de Env\u00edo"},"content":{"rendered":"<p>Informaci\u00f3n previa al proceso contractual La presente p\u00e1gina web www.suministrosmaiz.com\/tienda es propiedad de SUMINISTROS MAIZ SL con CIF B75146720 y direcci\u00f3n fiscal en POL. IND. UGALDEA 18 20170, USURBIL (GUIP\u00daZCOA), actuando comercialmente bajo la marca SUMINISTROS MAIZ SL. Las condiciones Generales de Contrataci\u00f3n regulan la relaci\u00f3n de venta a distancia entre SUMINISTROS MAIZ SL y el usuario o cliente, de acuerdo con las estipulaciones legales, en especial, la Ley 7\/1998, de 13 de abril, sobre Condiciones Generales de Contrataci\u00f3n, la Ley 3\/2014, de 27 de marzo por la que se modifica el texto refundido de la Ley General para la Defensa de los consumidores y Usuarios, La normativa vigente y aplicable en Protecci\u00f3n de Datos de Car\u00e1cter Personal, la Ley 7\/1996, de 15 de enero de Ordenaci\u00f3n del Comercio Minorista, y a la Ley 34\/2002 de 11 de julio, de Servicios de la Sociedad de la Informaci\u00f3n y de Comercio Electr\u00f3nico. SUMINISTROS MAIZ SL se reserva el derecho a realizar las modificaciones que considere oportunas, sin aviso previo, en las Condiciones Generales. Dichas modificaciones podr\u00e1n realizarse, a trav\u00e9s de sus websites, por cualquier forma admisible en derecho y ser\u00e1n de obligado cumplimiento durante el tiempo en que se encuentren publicadas en la web y hasta que no sean modificadas v\u00e1lidamente por otras posteriores. No obstante, SUMINISTROS MAIZ SL se reserva el derecho de aplicar, en determinados casos, unas Condiciones Particulares de Contrataci\u00f3n con preferencia a las presentes Condiciones Generales cuando lo considere oportuno, anunci\u00e1ndolas en tiempo y forma oportunos. El objeto de la p\u00e1gina web es suministros industriales. La duraci\u00f3n del contrato quedar\u00e1 vinculada a la entrega del producto sin perjuicio del derecho de desistimiento. Como usuario o cliente declara expresamente conocer, entender y aceptar las condiciones de uso y estas condiciones generales de contrataci\u00f3n. Del mismo modo, declara ser mayor de edad y tener la capacidad jur\u00eddica y de obrar necesarias para el acceso a los sitios web de SUMINISTROS MAIZ SL y la contrataci\u00f3n por medio de los mismos. Para adquirir nuestros productos, usted puede dirigirse al apartado correspondiente de nuestra tienda online. Finalizado el proceso de compra el cliente recibir\u00e1 una confirmaci\u00f3n del mismo por correo electr\u00f3nico. Es imprescindible que durante el proceso de compra el usuario indique un correo electr\u00f3nico v\u00e1lido. Si en 24 horas desde la finalizaci\u00f3n del pedido no recibe la confirmaci\u00f3n, p\u00f3ngase en contacto con SUMINISTROS MAIZ SL en el tel\u00e9fono de atenci\u00f3n al cliente 943369939 o mediante el correo electr\u00f3nico administracion@suministrosmaiz.com\/tienda Todos los contenidos de la web est\u00e1n en espa\u00f1ol. El cliente, al recibir el producto en la direcci\u00f3n de entrega facilitada, recibir\u00e1 una factura o copia del pedido. Oferta y vigencia En caso de un producto en oferta, siempre se indicar\u00e1 junto a sus caracter\u00edsticas esenciales, el precio de oferta y la validez de la misma. En cumplimiento de la normativa vigente SUMINISTROS MAIZ SL ofrece informaci\u00f3n sobre todos los art\u00edculos en venta, sus caracter\u00edsticas y precios. No obstante, SUMINISTROS MAIZ SL se reserva el derecho a retirar, reponer o cambiar los productos que se ofrecen a trav\u00e9s de su p\u00e1gina web, mediante el simple cambio en el contenido de la misma. De esta forma, los productos ofrecidos en cada momento por la web se regir\u00e1n por las Condiciones Generales de Contrataci\u00f3n vigentes en cada caso. Asimismo, la empresa tendr\u00e1 la facultad de dejar de ofrecer, sin previo aviso y en cualquier momento, el acceso a los productos mencionados. Caracter\u00edsticas esenciales de los productos Los productos ofertados en nuestra tienda online, incorporan una fotograf\u00eda y las caracter\u00edsticas esenciales del mismo, esta es la informaci\u00f3n obtenida del propio fabricante. El color del producto, observable en la fotograf\u00eda no es vinculante. En las caracter\u00edsticas se identifica el mismo. Garant\u00edas Todos los productos ofrecidos en la p\u00e1gina web gozan de la garant\u00eda legal del proveedor del mismo. SUMINISTROS MAIZ SL dispone de un servicio de posventa, mientras est\u00e9 vigente la garant\u00eda, el cliente podr\u00e1 ejecutarla dirigi\u00e9ndose al establecimiento de SUMINISTROS MAIZ SL, al servicio de posventa, por correo electr\u00f3nico a administracion@suministrosmaiz.com\/tienda o a los puntos establecidos por el propio proveedor. En caso de duda podr\u00e1 dirigirse al tel\u00e9fono de atenci\u00f3n al cliente 943369939 o mediante el correo electr\u00f3nico administracion@suministrosmaiz.com\/tienda Precios Todos los productos indican el precio de venta en Euros y no incluyen el Impuesto sobre el Valor A\u00f1adido (IVA). Si fuera aplicable cualquier otro impuesto, as\u00ed se indicar\u00eda (IGIC o IPSI). Gastos de entrega y transporte SUMINISTROS MAIZ SL realiza env\u00edos en Espa\u00f1a Peninsula, Canarias, Baleares y Francia. Los gastos de envi\u00f3 se aplicaran en funci\u00f3n de la zona de envi\u00f3, tama\u00f1o, peso, variables seg\u00fan peso y destino. Se especificar\u00e1n antes de finalizar el pedido. Siendo gratuitos los pedidos que superen los 400 Euros. El reparto de productos se realiza a trav\u00e9s de ASM o TRANSPORTES AZKAR. Ejecuci\u00f3n del pedido SUMINISTROS MAIZ SL se compromete a entregar el pedido en un m\u00e1ximo de entre 48-72 horas, a partir del d\u00eda siguiente al pedido. SUMINISTROS MAIZ SL informa que si realiza un pedido antes de las 18 horas de un d\u00eda laborable (de lunes a viernes), normalmente ese pedido saldr\u00e1 a primera hora de la ma\u00f1ana siguiente. Si el pedido se realiza despu\u00e9s de las 18 horas o en un d\u00eda festivo, el pedido normalmente saldr\u00e1 a lo largo del siguiente d\u00eda laborable.<\/p>\n<p>Los gastos de envi\u00f3 se aplicar\u00e1n en funci\u00f3n de la zona de envi\u00f3, tama\u00f1o y peso<\/p>\n","protected":false},"excerpt":{"rendered":"<p>Informaci\u00f3n previa al proceso contractual La presente p\u00e1gina web www.suministrosmaiz.com\/tienda es propiedad de SUMINISTROS MAIZ SL con CIF B75146720 y direcci\u00f3n fiscal en POL. IND. UGALDEA 18 20170, USURBIL (GUIP\u00daZCOA), actuando comercialmente bajo la marca SUMINISTROS MAIZ SL. Las condiciones Generales de Contrataci\u00f3n regulan la relaci\u00f3n de venta a distancia entre SUMINISTROS MAIZ SL y [&hellip;]<\/p>\n","protected":false},"author":1,"featured_media":0,"parent":0,"menu_order":0,"comment_status":"closed","ping_status":"closed","template":"","meta":{"_et_pb_use_builder":"","_et_pb_old_content":"","_et_gb_content_width":"","footnotes":""},"class_list":["post-967","page","type-page","status-publish","hentry"],"yoast_head":"<!-- This site is optimized with the Yoast SEO plugin v27.6 - https:\/\/yoast.com\/product\/yoast-seo-wordpress\/ -->\n<title>Condiciones de Env\u00edo - SUMINISTROS MAIZ<\/title>\n<meta name=\"robots\" content=\"index, follow, max-snippet:-1, max-image-preview:large, max-video-preview:-1\" \/>\n<link rel=\"canonical\" href=\"https:\/\/suministrosmaiz.com\/tienda\/condiciones-de-envio\/\" \/>\n<meta property=\"og:locale\" content=\"es_ES\" \/>\n<meta property=\"og:type\" content=\"article\" \/>\n<meta property=\"og:title\" content=\"Condiciones de Env\u00edo - SUMINISTROS MAIZ\" \/>\n<meta property=\"og:description\" content=\"Informaci\u00f3n previa al proceso contractual La presente p\u00e1gina web www.suministrosmaiz.com\/tienda es propiedad de SUMINISTROS MAIZ SL con CIF B75146720 y direcci\u00f3n fiscal en POL. IND. UGALDEA 18 20170, USURBIL (GUIP\u00daZCOA), actuando comercialmente bajo la marca SUMINISTROS MAIZ SL. Las condiciones Generales de Contrataci\u00f3n regulan la relaci\u00f3n de venta a distancia entre SUMINISTROS MAIZ SL y [&hellip;]\" \/>\n<meta property=\"og:url\" content=\"https:\/\/suministrosmaiz.com\/tienda\/condiciones-de-envio\/\" \/>\n<meta property=\"og:site_name\" content=\"SUMINISTROS MAIZ\" \/>\n<meta name=\"twitter:card\" content=\"summary_large_image\" \/>\n<script type=\"application\/ld+json\" class=\"yoast-schema-graph\">{\"@context\":\"https:\\\/\\\/schema.org\",\"@graph\":[{\"@type\":\"WebPage\",\"@id\":\"https:\\\/\\\/suministrosmaiz.com\\\/tienda\\\/condiciones-de-envio\\\/\",\"url\":\"https:\\\/\\\/suministrosmaiz.com\\\/tienda\\\/condiciones-de-envio\\\/\",\"name\":\"Condiciones de Env\u00edo - SUMINISTROS MAIZ\",\"isPartOf\":{\"@id\":\"https:\\\/\\\/suministrosmaiz.com\\\/tienda\\\/#website\"},\"datePublished\":\"2023-04-21T09:21:40+00:00\",\"breadcrumb\":{\"@id\":\"https:\\\/\\\/suministrosmaiz.com\\\/tienda\\\/condiciones-de-envio\\\/#breadcrumb\"},\"inLanguage\":\"es\",\"potentialAction\":[{\"@type\":\"ReadAction\",\"target\":[\"https:\\\/\\\/suministrosmaiz.com\\\/tienda\\\/condiciones-de-envio\\\/\"]}]},{\"@type\":\"BreadcrumbList\",\"@id\":\"https:\\\/\\\/suministrosmaiz.com\\\/tienda\\\/condiciones-de-envio\\\/#breadcrumb\",\"itemListElement\":[{\"@type\":\"ListItem\",\"position\":1,\"name\":\"Portada\",\"item\":\"https:\\\/\\\/suministrosmaiz.com\\\/tienda\\\/\"},{\"@type\":\"ListItem\",\"position\":2,\"name\":\"Condiciones de Env\u00edo\"}]},{\"@type\":\"WebSite\",\"@id\":\"https:\\\/\\\/suministrosmaiz.com\\\/tienda\\\/#website\",\"url\":\"https:\\\/\\\/suministrosmaiz.com\\\/tienda\\\/\",\"name\":\"SUMINISTROS MAIZ\",\"description\":\"Herramientas y Maquinaria para la Madera\",\"publisher\":{\"@id\":\"https:\\\/\\\/suministrosmaiz.com\\\/tienda\\\/#organization\"},\"potentialAction\":[{\"@type\":\"SearchAction\",\"target\":{\"@type\":\"EntryPoint\",\"urlTemplate\":\"https:\\\/\\\/suministrosmaiz.com\\\/tienda\\\/?s={search_term_string}\"},\"query-input\":{\"@type\":\"PropertyValueSpecification\",\"valueRequired\":true,\"valueName\":\"search_term_string\"}}],\"inLanguage\":\"es\"},{\"@type\":\"Organization\",\"@id\":\"https:\\\/\\\/suministrosmaiz.com\\\/tienda\\\/#organization\",\"name\":\"SUMINISTROS CARPINTER\u00cdA MAIZ\",\"url\":\"https:\\\/\\\/suministrosmaiz.com\\\/tienda\\\/\",\"logo\":{\"@type\":\"ImageObject\",\"inLanguage\":\"es\",\"@id\":\"https:\\\/\\\/suministrosmaiz.com\\\/tienda\\\/#\\\/schema\\\/logo\\\/image\\\/\",\"url\":\"https:\\\/\\\/suministrosmaiz.com\\\/tienda\\\/wp-content\\\/uploads\\\/2020\\\/07\\\/suministros-maiz1464871156.png\",\"contentUrl\":\"https:\\\/\\\/suministrosmaiz.com\\\/tienda\\\/wp-content\\\/uploads\\\/2020\\\/07\\\/suministros-maiz1464871156.png\",\"width\":235,\"height\":80,\"caption\":\"SUMINISTROS CARPINTER\u00cdA MAIZ\"},\"image\":{\"@id\":\"https:\\\/\\\/suministrosmaiz.com\\\/tienda\\\/#\\\/schema\\\/logo\\\/image\\\/\"}}]}<\/script>\n<!-- \/ Yoast SEO plugin. -->","yoast_head_json":{"title":"Condiciones de Env\u00edo - SUMINISTROS MAIZ","robots":{"index":"index","follow":"follow","max-snippet":"max-snippet:-1","max-image-preview":"max-image-preview:large","max-video-preview":"max-video-preview:-1"},"canonical":"https:\/\/suministrosmaiz.com\/tienda\/condiciones-de-envio\/","og_locale":"es_ES","og_type":"article","og_title":"Condiciones de Env\u00edo - SUMINISTROS MAIZ","og_description":"Informaci\u00f3n previa al proceso contractual La presente p\u00e1gina web www.suministrosmaiz.com\/tienda es propiedad de SUMINISTROS MAIZ SL con CIF B75146720 y direcci\u00f3n fiscal en POL. IND. UGALDEA 18 20170, USURBIL (GUIP\u00daZCOA), actuando comercialmente bajo la marca SUMINISTROS MAIZ SL. Las condiciones Generales de Contrataci\u00f3n regulan la relaci\u00f3n de venta a distancia entre SUMINISTROS MAIZ SL y [&hellip;]","og_url":"https:\/\/suministrosmaiz.com\/tienda\/condiciones-de-envio\/","og_site_name":"SUMINISTROS MAIZ","twitter_card":"summary_large_image","schema":{"@context":"https:\/\/schema.org","@graph":[{"@type":"WebPage","@id":"https:\/\/suministrosmaiz.com\/tienda\/condiciones-de-envio\/","url":"https:\/\/suministrosmaiz.com\/tienda\/condiciones-de-envio\/","name":"Condiciones de Env\u00edo - SUMINISTROS MAIZ","isPartOf":{"@id":"https:\/\/suministrosmaiz.com\/tienda\/#website"},"datePublished":"2023-04-21T09:21:40+00:00","breadcrumb":{"@id":"https:\/\/suministrosmaiz.com\/tienda\/condiciones-de-envio\/#breadcrumb"},"inLanguage":"es","potentialAction":[{"@type":"ReadAction","target":["https:\/\/suministrosmaiz.com\/tienda\/condiciones-de-envio\/"]}]},{"@type":"BreadcrumbList","@id":"https:\/\/suministrosmaiz.com\/tienda\/condiciones-de-envio\/#breadcrumb","itemListElement":[{"@type":"ListItem","position":1,"name":"Portada","item":"https:\/\/suministrosmaiz.com\/tienda\/"},{"@type":"ListItem","position":2,"name":"Condiciones de Env\u00edo"}]},{"@type":"WebSite","@id":"https:\/\/suministrosmaiz.com\/tienda\/#website","url":"https:\/\/suministrosmaiz.com\/tienda\/","name":"SUMINISTROS MAIZ","description":"Herramientas y Maquinaria para la Madera","publisher":{"@id":"https:\/\/suministrosmaiz.com\/tienda\/#organization"},"potentialAction":[{"@type":"SearchAction","target":{"@type":"EntryPoint","urlTemplate":"https:\/\/suministrosmaiz.com\/tienda\/?s={search_term_string}"},"query-input":{"@type":"PropertyValueSpecification","valueRequired":true,"valueName":"search_term_string"}}],"inLanguage":"es"},{"@type":"Organization","@id":"https:\/\/suministrosmaiz.com\/tienda\/#organization","name":"SUMINISTROS CARPINTER\u00cdA MAIZ","url":"https:\/\/suministrosmaiz.com\/tienda\/","logo":{"@type":"ImageObject","inLanguage":"es","@id":"https:\/\/suministrosmaiz.com\/tienda\/#\/schema\/logo\/image\/","url":"https:\/\/suministrosmaiz.com\/tienda\/wp-content\/uploads\/2020\/07\/suministros-maiz1464871156.png","contentUrl":"https:\/\/suministrosmaiz.com\/tienda\/wp-content\/uploads\/2020\/07\/suministros-maiz1464871156.png","width":235,"height":80,"caption":"SUMINISTROS CARPINTER\u00cdA MAIZ"},"image":{"@id":"https:\/\/suministrosmaiz.com\/tienda\/#\/schema\/logo\/image\/"}}]}},"_links":{"self":[{"href":"https:\/\/suministrosmaiz.com\/tienda\/wp-json\/wp\/v2\/pages\/967","targetHints":{"allow":["GET"]}}],"collection":[{"href":"https:\/\/suministrosmaiz.com\/tienda\/wp-json\/wp\/v2\/pages"}],"about":[{"href":"https:\/\/suministrosmaiz.com\/tienda\/wp-json\/wp\/v2\/types\/page"}],"author":[{"embeddable":true,"href":"https:\/\/suministrosmaiz.com\/tienda\/wp-json\/wp\/v2\/users\/1"}],"replies":[{"embeddable":true,"href":"https:\/\/suministrosmaiz.com\/tienda\/wp-json\/wp\/v2\/comments?post=967"}],"version-history":[{"count":1,"href":"https:\/\/suministrosmaiz.com\/tienda\/wp-json\/wp\/v2\/pages\/967\/revisions"}],"predecessor-version":[{"id":968,"href":"https:\/\/suministrosmaiz.com\/tienda\/wp-json\/wp\/v2\/pages\/967\/revisions\/968"}],"wp:attachment":[{"href":"https:\/\/suministrosmaiz.com\/tienda\/wp-json\/wp\/v2\/media?parent=967"}],"curies":[{"name":"wp","href":"https:\/\/api.w.org\/{rel}","templated":true}]}}