{"id":969,"date":"2023-04-21T09:22:22","date_gmt":"2023-04-21T09:22:22","guid":{"rendered":"https:\/\/suministrosmaiz.com\/tienda\r\n\/?page_id=969"},"modified":"2023-04-21T09:22:22","modified_gmt":"2023-04-21T09:22:22","slug":"formas-de-pago","status":"publish","type":"page","link":"https:\/\/suministrosmaiz.com\/tienda\/formas-de-pago\/","title":{"rendered":"Formas de Pago"},"content":{"rendered":"<p>Formas de pago El cliente podr\u00e1 abonar el importe de su pedido optando por cualquiera de las siguientes formas. Durante el proceso de compra deber\u00e1 indicar su elecci\u00f3n: &#8211; Tarjeta de cr\u00e9dito VISA o MASTERCARD Todas las operaciones que implican la transmisi\u00f3n de datos personales o bancarios se realizan utilizando un entorno seguro, un servidor basado en la tecnolog\u00eda de seguridad est\u00e1ndar SSL (Secure Sockets Layer). Toda la informaci\u00f3n que nos transmita viaja cifrada a trav\u00e9s de la red. Asimismo los datos sobre su tarjeta de cr\u00e9dito son introducidos directamente en la p\u00e1gina del banco, en el TPV (Terminal Punto de venta del Banco) y no son introducidos ni registrados en ning\u00fan servidor de SUMINISTROS MAIZ SL. Al pagar con tarjeta VISA o MASTERCARD se le solicitar\u00e1n siempre los siguientes datos: el n\u00famero de tarjeta, la fecha de caducidad, y un C\u00f3digo de Validaci\u00f3n que coincide con las tres \u00faltimas cifras del n\u00famero impreso en cursiva en el reverso de su tarjeta VISA o MASTERCARD, ofreciendo, de esta forma, m\u00e1s garant\u00edas acerca de la seguridad de la transacci\u00f3n. Esta forma de pago es v\u00e1lida \u00fanicamente en la web. Cuando el importe de una compra hubiese sido cargado fraudulenta o indebidamente utilizando el n\u00famero de una tarjeta de pago, su titular podr\u00e1 exigir la inmediata anulaci\u00f3n del cargo. En tal caso, las correspondientes anotaciones de adeudo y reabono en las cuentas del proveedor y del titular se efectuar\u00e1n a la mayor brevedad. Sin embargo, si la compra hubiese sido efectivamente realizada por el titular de la tarjeta y la exigencia de devoluci\u00f3n no fuera consecuencia de haberse ejercido el derecho de desistimiento o de resoluci\u00f3n y, por tanto, hubiese exigido indebidamente la anulaci\u00f3n del correspondiente cargo, aquel quedar\u00e1 obligado frente a SUMINISTROS MAIZ SL al resarcimiento de los da\u00f1os y perjuicios ocasionados como consecuencia de dicha anulaci\u00f3n. &#8211; Transferencia Bancaria Al seleccionar la transferencia bancaria recibir\u00e1, junto con la confirmaci\u00f3n de su pedido, un e-mail con los datos bancarios de SUMINISTROS MAIZ SL. Es muy importante que al realizar la transferencia indique en el asunto el n\u00famero de pedido, as\u00ed como su nombre y apellidos, y realice la transferencia dentro de los 3 d\u00edas posteriores a la fecha de confirmaci\u00f3n del pedido para poder validarlo. Si lo desea, puede enviarnos el justificante de la transferencia por e-mail administracion@suministrosmaiz.com\/tienda . Pero en cualquier caso, no se considerar\u00e1 efectivo el pedido hasta que nuestro departamento de administraci\u00f3n no tenga confirmaci\u00f3n bancaria de la transferencia. Recordarle que el pago se tiene que realizar en EUROS y que todas las eventuales comisiones de cambio y bancarias corren por su cuenta. En el caso de transferencias bancarias realizadas desde fuera de Espa\u00f1a, es muy importante que al ordenar la transferencia comunique siempre a su banco hacerse cargo de las comisiones en origen, aquellas comisiones bancarias y gastos correspondientes a su entidad. De no ser as\u00ed, SUMINISTROS MAIZ SL podr\u00eda paralizar el env\u00edo de su pedido al no recibir la cantidad \u00edntegra del mismo. Las posibles comisiones de cambio y bancarias corren a cargo del cliente. &#8211; Contra Reembolso Si lo desea podemos enviarle su pedido contra reembolso, el cual abonar\u00e1 a la recepci\u00f3n del mismo sin gastos para usted, ya que SUMINISTROS MAIZ SL corre con los gastos derivados de esta forma de pago. &#8211; PayPal Permite enviar pagos en Internet de forma segura y c\u00f3moda. La red de PayPal se basa en la infraestructura financiera existente de cuentas bancarias y tarjetas de cr\u00e9dito para crear una soluci\u00f3n global de pago en tiempo real. PayPal ofrece un servicio especialmente pensado para aquellos a los que no les satisfacen los mecanismos de pago tradicionales. M\u00e1s informaci\u00f3n en PayPal. https:\/\/www.paypal.com. La disponibilidad de los productos ofrecidos por SUMINISTROS MAIZ SL puede variar en funci\u00f3n de la demanda de los clientes. Pese a que SUMINISTROS MAIZ SL actualiza el stock peri\u00f3dicamente, el producto solicitado por el cliente podr\u00eda estar agotado en ese momento. En caso de no ejecuci\u00f3n por indisponibilidad, SUMINISTROS MAIZ SL en el momento que tenga conocimiento de esta situaci\u00f3n lo notificar\u00e1 al cliente, por medio de un correo electr\u00f3nico. El periodo de esta comunicaci\u00f3n no superar\u00e1 en ning\u00fan caso el plazo m\u00e1ximo de 30 d\u00edas. SUMINISTROS MAIZ SL podr\u00e1 dar la doble opci\u00f3n de: suministrar al cliente sin aumento de precio, un producto de caracter\u00edsticas similares o de superior calidad, o salvo razones justificadas y demostrables por SUMINISTROS MAIZ SL dentro de este mismo periodo abonar las sumas pagadas por el pedido anulado. Derecho de desistimiento, devoluciones y reclamaciones El comprador dispondr\u00e1 de un plazo de catorce d\u00edas naturales para desistir, a partir del d\u00eda que el cliente reciba el producto, sin penalizaci\u00f3n alguna y sin indicaci\u00f3n de los motivos. El ejercicio del derecho de desistimiento deber\u00e1 realizarse mediante notificaci\u00f3n a trav\u00e9s comunicaci\u00f3n telef\u00f3nica a 943369939, dirigi\u00e9ndose al correo electr\u00f3nico administracion@suministrosmaiz.com\/tienda , remitiendo su escrito a nuestra direcci\u00f3n postal POL. IND. UGALDEA 18 20170, USURBIL (GUIP\u00daZCOA), o bien a trav\u00e9s del formulario de desistimiento. Seg\u00fan lo establecido el art\u00edculo 103 de la Ley 3\/2014, de 27 de marzo por la que se modifica el texto refundido de la Ley General para la Defensa de los consumidores y Usuarios, los suministros de servicios o bienes confeccionado conforme a las especificaciones del consumidor o claramente personalizados, o que, por su naturaleza, no puedan ser devueltos o puedan deteriorarse o caducar con rapidez, est\u00e1n exentos de desistimiento.<\/p>\n","protected":false},"excerpt":{"rendered":"<p>Formas de pago El cliente podr\u00e1 abonar el importe de su pedido optando por cualquiera de las siguientes formas. Durante el proceso de compra deber\u00e1 indicar su elecci\u00f3n: &#8211; Tarjeta de cr\u00e9dito VISA o MASTERCARD Todas las operaciones que implican la transmisi\u00f3n de datos personales o bancarios se realizan utilizando un entorno seguro, un servidor [&hellip;]<\/p>\n","protected":false},"author":1,"featured_media":0,"parent":0,"menu_order":0,"comment_status":"closed","ping_status":"closed","template":"","meta":{"_et_pb_use_builder":"","_et_pb_old_content":"","_et_gb_content_width":"","footnotes":""},"class_list":["post-969","page","type-page","status-publish","hentry"],"yoast_head":"<!-- This site is optimized with the Yoast SEO plugin v27.6 - https:\/\/yoast.com\/product\/yoast-seo-wordpress\/ -->\n<title>Formas de Pago - SUMINISTROS MAIZ<\/title>\n<meta name=\"robots\" content=\"index, follow, max-snippet:-1, max-image-preview:large, max-video-preview:-1\" \/>\n<link rel=\"canonical\" href=\"https:\/\/suministrosmaiz.com\/tienda\/formas-de-pago\/\" \/>\n<meta property=\"og:locale\" content=\"es_ES\" \/>\n<meta property=\"og:type\" content=\"article\" \/>\n<meta property=\"og:title\" content=\"Formas de Pago - SUMINISTROS MAIZ\" \/>\n<meta property=\"og:description\" content=\"Formas de pago El cliente podr\u00e1 abonar el importe de su pedido optando por cualquiera de las siguientes formas. Durante el proceso de compra deber\u00e1 indicar su elecci\u00f3n: &#8211; Tarjeta de cr\u00e9dito VISA o MASTERCARD Todas las operaciones que implican la transmisi\u00f3n de datos personales o bancarios se realizan utilizando un entorno seguro, un servidor [&hellip;]\" \/>\n<meta property=\"og:url\" content=\"https:\/\/suministrosmaiz.com\/tienda\/formas-de-pago\/\" \/>\n<meta property=\"og:site_name\" content=\"SUMINISTROS MAIZ\" \/>\n<meta name=\"twitter:card\" content=\"summary_large_image\" \/>\n<meta name=\"twitter:label1\" content=\"Tiempo de lectura\" \/>\n\t<meta name=\"twitter:data1\" content=\"5 minutos\" \/>\n<script type=\"application\/ld+json\" class=\"yoast-schema-graph\">{\"@context\":\"https:\\\/\\\/schema.org\",\"@graph\":[{\"@type\":\"WebPage\",\"@id\":\"https:\\\/\\\/suministrosmaiz.com\\\/tienda\\\/formas-de-pago\\\/\",\"url\":\"https:\\\/\\\/suministrosmaiz.com\\\/tienda\\\/formas-de-pago\\\/\",\"name\":\"Formas de Pago - SUMINISTROS MAIZ\",\"isPartOf\":{\"@id\":\"https:\\\/\\\/suministrosmaiz.com\\\/tienda\\\/#website\"},\"datePublished\":\"2023-04-21T09:22:22+00:00\",\"breadcrumb\":{\"@id\":\"https:\\\/\\\/suministrosmaiz.com\\\/tienda\\\/formas-de-pago\\\/#breadcrumb\"},\"inLanguage\":\"es\",\"potentialAction\":[{\"@type\":\"ReadAction\",\"target\":[\"https:\\\/\\\/suministrosmaiz.com\\\/tienda\\\/formas-de-pago\\\/\"]}]},{\"@type\":\"BreadcrumbList\",\"@id\":\"https:\\\/\\\/suministrosmaiz.com\\\/tienda\\\/formas-de-pago\\\/#breadcrumb\",\"itemListElement\":[{\"@type\":\"ListItem\",\"position\":1,\"name\":\"Portada\",\"item\":\"https:\\\/\\\/suministrosmaiz.com\\\/tienda\\\/\"},{\"@type\":\"ListItem\",\"position\":2,\"name\":\"Formas de Pago\"}]},{\"@type\":\"WebSite\",\"@id\":\"https:\\\/\\\/suministrosmaiz.com\\\/tienda\\\/#website\",\"url\":\"https:\\\/\\\/suministrosmaiz.com\\\/tienda\\\/\",\"name\":\"SUMINISTROS MAIZ\",\"description\":\"Herramientas y Maquinaria para la Madera\",\"publisher\":{\"@id\":\"https:\\\/\\\/suministrosmaiz.com\\\/tienda\\\/#organization\"},\"potentialAction\":[{\"@type\":\"SearchAction\",\"target\":{\"@type\":\"EntryPoint\",\"urlTemplate\":\"https:\\\/\\\/suministrosmaiz.com\\\/tienda\\\/?s={search_term_string}\"},\"query-input\":{\"@type\":\"PropertyValueSpecification\",\"valueRequired\":true,\"valueName\":\"search_term_string\"}}],\"inLanguage\":\"es\"},{\"@type\":\"Organization\",\"@id\":\"https:\\\/\\\/suministrosmaiz.com\\\/tienda\\\/#organization\",\"name\":\"SUMINISTROS CARPINTER\u00cdA MAIZ\",\"url\":\"https:\\\/\\\/suministrosmaiz.com\\\/tienda\\\/\",\"logo\":{\"@type\":\"ImageObject\",\"inLanguage\":\"es\",\"@id\":\"https:\\\/\\\/suministrosmaiz.com\\\/tienda\\\/#\\\/schema\\\/logo\\\/image\\\/\",\"url\":\"https:\\\/\\\/suministrosmaiz.com\\\/tienda\\\/wp-content\\\/uploads\\\/2020\\\/07\\\/suministros-maiz1464871156.png\",\"contentUrl\":\"https:\\\/\\\/suministrosmaiz.com\\\/tienda\\\/wp-content\\\/uploads\\\/2020\\\/07\\\/suministros-maiz1464871156.png\",\"width\":235,\"height\":80,\"caption\":\"SUMINISTROS CARPINTER\u00cdA MAIZ\"},\"image\":{\"@id\":\"https:\\\/\\\/suministrosmaiz.com\\\/tienda\\\/#\\\/schema\\\/logo\\\/image\\\/\"}}]}<\/script>\n<!-- \/ Yoast SEO plugin. -->","yoast_head_json":{"title":"Formas de Pago - SUMINISTROS MAIZ","robots":{"index":"index","follow":"follow","max-snippet":"max-snippet:-1","max-image-preview":"max-image-preview:large","max-video-preview":"max-video-preview:-1"},"canonical":"https:\/\/suministrosmaiz.com\/tienda\/formas-de-pago\/","og_locale":"es_ES","og_type":"article","og_title":"Formas de Pago - SUMINISTROS MAIZ","og_description":"Formas de pago El cliente podr\u00e1 abonar el importe de su pedido optando por cualquiera de las siguientes formas. Durante el proceso de compra deber\u00e1 indicar su elecci\u00f3n: &#8211; Tarjeta de cr\u00e9dito VISA o MASTERCARD Todas las operaciones que implican la transmisi\u00f3n de datos personales o bancarios se realizan utilizando un entorno seguro, un servidor [&hellip;]","og_url":"https:\/\/suministrosmaiz.com\/tienda\/formas-de-pago\/","og_site_name":"SUMINISTROS MAIZ","twitter_card":"summary_large_image","twitter_misc":{"Tiempo de lectura":"5 minutos"},"schema":{"@context":"https:\/\/schema.org","@graph":[{"@type":"WebPage","@id":"https:\/\/suministrosmaiz.com\/tienda\/formas-de-pago\/","url":"https:\/\/suministrosmaiz.com\/tienda\/formas-de-pago\/","name":"Formas de Pago - SUMINISTROS MAIZ","isPartOf":{"@id":"https:\/\/suministrosmaiz.com\/tienda\/#website"},"datePublished":"2023-04-21T09:22:22+00:00","breadcrumb":{"@id":"https:\/\/suministrosmaiz.com\/tienda\/formas-de-pago\/#breadcrumb"},"inLanguage":"es","potentialAction":[{"@type":"ReadAction","target":["https:\/\/suministrosmaiz.com\/tienda\/formas-de-pago\/"]}]},{"@type":"BreadcrumbList","@id":"https:\/\/suministrosmaiz.com\/tienda\/formas-de-pago\/#breadcrumb","itemListElement":[{"@type":"ListItem","position":1,"name":"Portada","item":"https:\/\/suministrosmaiz.com\/tienda\/"},{"@type":"ListItem","position":2,"name":"Formas de Pago"}]},{"@type":"WebSite","@id":"https:\/\/suministrosmaiz.com\/tienda\/#website","url":"https:\/\/suministrosmaiz.com\/tienda\/","name":"SUMINISTROS MAIZ","description":"Herramientas y Maquinaria para la Madera","publisher":{"@id":"https:\/\/suministrosmaiz.com\/tienda\/#organization"},"potentialAction":[{"@type":"SearchAction","target":{"@type":"EntryPoint","urlTemplate":"https:\/\/suministrosmaiz.com\/tienda\/?s={search_term_string}"},"query-input":{"@type":"PropertyValueSpecification","valueRequired":true,"valueName":"search_term_string"}}],"inLanguage":"es"},{"@type":"Organization","@id":"https:\/\/suministrosmaiz.com\/tienda\/#organization","name":"SUMINISTROS CARPINTER\u00cdA MAIZ","url":"https:\/\/suministrosmaiz.com\/tienda\/","logo":{"@type":"ImageObject","inLanguage":"es","@id":"https:\/\/suministrosmaiz.com\/tienda\/#\/schema\/logo\/image\/","url":"https:\/\/suministrosmaiz.com\/tienda\/wp-content\/uploads\/2020\/07\/suministros-maiz1464871156.png","contentUrl":"https:\/\/suministrosmaiz.com\/tienda\/wp-content\/uploads\/2020\/07\/suministros-maiz1464871156.png","width":235,"height":80,"caption":"SUMINISTROS CARPINTER\u00cdA MAIZ"},"image":{"@id":"https:\/\/suministrosmaiz.com\/tienda\/#\/schema\/logo\/image\/"}}]}},"_links":{"self":[{"href":"https:\/\/suministrosmaiz.com\/tienda\/wp-json\/wp\/v2\/pages\/969","targetHints":{"allow":["GET"]}}],"collection":[{"href":"https:\/\/suministrosmaiz.com\/tienda\/wp-json\/wp\/v2\/pages"}],"about":[{"href":"https:\/\/suministrosmaiz.com\/tienda\/wp-json\/wp\/v2\/types\/page"}],"author":[{"embeddable":true,"href":"https:\/\/suministrosmaiz.com\/tienda\/wp-json\/wp\/v2\/users\/1"}],"replies":[{"embeddable":true,"href":"https:\/\/suministrosmaiz.com\/tienda\/wp-json\/wp\/v2\/comments?post=969"}],"version-history":[{"count":1,"href":"https:\/\/suministrosmaiz.com\/tienda\/wp-json\/wp\/v2\/pages\/969\/revisions"}],"predecessor-version":[{"id":970,"href":"https:\/\/suministrosmaiz.com\/tienda\/wp-json\/wp\/v2\/pages\/969\/revisions\/970"}],"wp:attachment":[{"href":"https:\/\/suministrosmaiz.com\/tienda\/wp-json\/wp\/v2\/media?parent=969"}],"curies":[{"name":"wp","href":"https:\/\/api.w.org\/{rel}","templated":true}]}}