{"id":971,"date":"2023-04-21T09:23:00","date_gmt":"2023-04-21T09:23:00","guid":{"rendered":"https:\/\/suministrosmaiz.com\/tienda\r\n\/?page_id=971"},"modified":"2023-04-21T09:23:00","modified_gmt":"2023-04-21T09:23:00","slug":"devoluciones","status":"publish","type":"page","link":"https:\/\/suministrosmaiz.com\/tienda\/devoluciones\/","title":{"rendered":"Devoluciones"},"content":{"rendered":"<p>La devoluci\u00f3n El cliente deber\u00e1 devolver o entregar directamente el producto a SUMINISTROS MAIZ SL, a la direcci\u00f3n POL. IND. UGALDEA 18 20170, USURBIL (GUIP\u00daZCOA), sin ninguna demora indebida, y en todo caso en un plazo m\u00e1ximo de catorce d\u00edas naturales a partir de la fecha en que se formalice el derecho de desistimiento del contrato. Se entender\u00e1 cumplido el plazo si el cliente efect\u00faa la devoluci\u00f3n del producto antes de la finalizaci\u00f3n del plazo. El cliente debe ponerse en contacto con SUMINISTROS MAIZ SL para que le otorguemos el n\u00famero de devoluci\u00f3n correspondiente. El cliente se har\u00e1 cargo de los costes de devoluci\u00f3n del producto. En todo caso, los productos a devolver deber\u00e1n estar en perfectas condiciones, sin usar y en su embalaje original. Se ruega, por tanto, que para evitar problemas en el transporte, se asegure de que el paquete va debidamente protegido y precintado. Una vez recibido\/s, chequearemos su estado. En el momento en que comprobemos que tanto el\/los art\u00edculo\/s, como los posibles componentes, accesorios, obsequios promocionales y documentaci\u00f3n, est\u00e9n completos y en perfectas condiciones, procederemos a devolver el dinero abonado. Reembolso del pago El reembolso de las cantidades recibidas por el cliente se realizar\u00e1 utilizando los mismos medios de pago empleados por el cliente, siempre y cuando no se haya dispuesto lo contrario. SUMINISTROS MAIZ SL podr\u00e1 retener el reembolso hasta haber recibido el producto, motivo de desistimiento, o hasta que el cliente entregue justificante de devoluci\u00f3n del mismo, seg\u00fan que condici\u00f3n se cumpla primero. Devoluci\u00f3n del producto defectuoso. En el caso de que el producto no se encuentre en buen estado y las causas imputables a este, no sean consecuencia del cliente, este tendr\u00e1 derecho a la devoluci\u00f3n del producto, informando a SUMINISTROS MAIZ SL del motivo de devoluci\u00f3n a trav\u00e9s de cualquiera de los medios facilitados en las presentes condiciones de contrataci\u00f3n, y sin coste alguno para el cliente. Esta devoluci\u00f3n por motivo de defecto o mal estado del producto no ser\u00e1 considerada un derecho de desistimiento. La SUMINISTROS MAIZ SL se compromete a asumir el coste de la devoluci\u00f3n y a restituir el producto por uno nuevo de acuerdo con condiciones aceptadas en el momento de la venta. Si el cliente desea presentar una reclamaci\u00f3n, el establecimiento de SUMINISTROS MAIZ SL est\u00e1 situado en POL. IND. UGALDEA 18 20170, USURBIL (GUIP\u00daZCOA) o a trav\u00e9s del correo electr\u00f3nico administracion@suministrosmaiz.com\/tienda Jurisdicci\u00f3n Asimismo, SUMINISTROS MAIZ SL se reserva la facultad de presentar las acciones civiles o penales que considere oportunas por la utilizaci\u00f3n indebida de su sitio web y contenidos o por el incumplimiento de las presentes condiciones. La relaci\u00f3n entre el usuario y el prestador se regir\u00e1 por la normativa vigente y de aplicaci\u00f3n en el territorio espa\u00f1ol. De surgir cualquier controversia las partes podr\u00e1n someter sus conflictos a arbitraje o acudir a la jurisdicci\u00f3n ordinaria cumpliendo con las normas sobre jurisdicci\u00f3n y competencia al respecto. SUMINISTROS MAIZ SL tiene su domicilio en GUIP\u00daZCOA, Espa\u00f1a.<\/p>\n","protected":false},"excerpt":{"rendered":"<p>La devoluci\u00f3n El cliente deber\u00e1 devolver o entregar directamente el producto a SUMINISTROS MAIZ SL, a la direcci\u00f3n POL. IND. UGALDEA 18 20170, USURBIL (GUIP\u00daZCOA), sin ninguna demora indebida, y en todo caso en un plazo m\u00e1ximo de catorce d\u00edas naturales a partir de la fecha en que se formalice el derecho de desistimiento del [&hellip;]<\/p>\n","protected":false},"author":1,"featured_media":0,"parent":0,"menu_order":0,"comment_status":"closed","ping_status":"closed","template":"","meta":{"_et_pb_use_builder":"","_et_pb_old_content":"","_et_gb_content_width":"","footnotes":""},"class_list":["post-971","page","type-page","status-publish","hentry"],"yoast_head":"<!-- This site is optimized with the Yoast SEO plugin v27.6 - https:\/\/yoast.com\/product\/yoast-seo-wordpress\/ -->\n<title>Devoluciones - SUMINISTROS MAIZ<\/title>\n<meta name=\"robots\" content=\"index, follow, max-snippet:-1, max-image-preview:large, max-video-preview:-1\" \/>\n<link rel=\"canonical\" href=\"https:\/\/suministrosmaiz.com\/tienda\/devoluciones\/\" \/>\n<meta property=\"og:locale\" content=\"es_ES\" \/>\n<meta property=\"og:type\" content=\"article\" \/>\n<meta property=\"og:title\" content=\"Devoluciones - SUMINISTROS MAIZ\" \/>\n<meta property=\"og:description\" content=\"La devoluci\u00f3n El cliente deber\u00e1 devolver o entregar directamente el producto a SUMINISTROS MAIZ SL, a la direcci\u00f3n POL. IND. UGALDEA 18 20170, USURBIL (GUIP\u00daZCOA), sin ninguna demora indebida, y en todo caso en un plazo m\u00e1ximo de catorce d\u00edas naturales a partir de la fecha en que se formalice el derecho de desistimiento del [&hellip;]\" \/>\n<meta property=\"og:url\" content=\"https:\/\/suministrosmaiz.com\/tienda\/devoluciones\/\" \/>\n<meta property=\"og:site_name\" content=\"SUMINISTROS MAIZ\" \/>\n<meta name=\"twitter:card\" content=\"summary_large_image\" \/>\n<meta name=\"twitter:label1\" content=\"Tiempo de lectura\" \/>\n\t<meta name=\"twitter:data1\" content=\"3 minutos\" \/>\n<script type=\"application\/ld+json\" class=\"yoast-schema-graph\">{\"@context\":\"https:\\\/\\\/schema.org\",\"@graph\":[{\"@type\":\"WebPage\",\"@id\":\"https:\\\/\\\/suministrosmaiz.com\\\/tienda\\\/devoluciones\\\/\",\"url\":\"https:\\\/\\\/suministrosmaiz.com\\\/tienda\\\/devoluciones\\\/\",\"name\":\"Devoluciones - SUMINISTROS MAIZ\",\"isPartOf\":{\"@id\":\"https:\\\/\\\/suministrosmaiz.com\\\/tienda\\\/#website\"},\"datePublished\":\"2023-04-21T09:23:00+00:00\",\"breadcrumb\":{\"@id\":\"https:\\\/\\\/suministrosmaiz.com\\\/tienda\\\/devoluciones\\\/#breadcrumb\"},\"inLanguage\":\"es\",\"potentialAction\":[{\"@type\":\"ReadAction\",\"target\":[\"https:\\\/\\\/suministrosmaiz.com\\\/tienda\\\/devoluciones\\\/\"]}]},{\"@type\":\"BreadcrumbList\",\"@id\":\"https:\\\/\\\/suministrosmaiz.com\\\/tienda\\\/devoluciones\\\/#breadcrumb\",\"itemListElement\":[{\"@type\":\"ListItem\",\"position\":1,\"name\":\"Portada\",\"item\":\"https:\\\/\\\/suministrosmaiz.com\\\/tienda\\\/\"},{\"@type\":\"ListItem\",\"position\":2,\"name\":\"Devoluciones\"}]},{\"@type\":\"WebSite\",\"@id\":\"https:\\\/\\\/suministrosmaiz.com\\\/tienda\\\/#website\",\"url\":\"https:\\\/\\\/suministrosmaiz.com\\\/tienda\\\/\",\"name\":\"SUMINISTROS MAIZ\",\"description\":\"Herramientas y Maquinaria para la Madera\",\"publisher\":{\"@id\":\"https:\\\/\\\/suministrosmaiz.com\\\/tienda\\\/#organization\"},\"potentialAction\":[{\"@type\":\"SearchAction\",\"target\":{\"@type\":\"EntryPoint\",\"urlTemplate\":\"https:\\\/\\\/suministrosmaiz.com\\\/tienda\\\/?s={search_term_string}\"},\"query-input\":{\"@type\":\"PropertyValueSpecification\",\"valueRequired\":true,\"valueName\":\"search_term_string\"}}],\"inLanguage\":\"es\"},{\"@type\":\"Organization\",\"@id\":\"https:\\\/\\\/suministrosmaiz.com\\\/tienda\\\/#organization\",\"name\":\"SUMINISTROS CARPINTER\u00cdA MAIZ\",\"url\":\"https:\\\/\\\/suministrosmaiz.com\\\/tienda\\\/\",\"logo\":{\"@type\":\"ImageObject\",\"inLanguage\":\"es\",\"@id\":\"https:\\\/\\\/suministrosmaiz.com\\\/tienda\\\/#\\\/schema\\\/logo\\\/image\\\/\",\"url\":\"https:\\\/\\\/suministrosmaiz.com\\\/tienda\\\/wp-content\\\/uploads\\\/2020\\\/07\\\/suministros-maiz1464871156.png\",\"contentUrl\":\"https:\\\/\\\/suministrosmaiz.com\\\/tienda\\\/wp-content\\\/uploads\\\/2020\\\/07\\\/suministros-maiz1464871156.png\",\"width\":235,\"height\":80,\"caption\":\"SUMINISTROS CARPINTER\u00cdA MAIZ\"},\"image\":{\"@id\":\"https:\\\/\\\/suministrosmaiz.com\\\/tienda\\\/#\\\/schema\\\/logo\\\/image\\\/\"}}]}<\/script>\n<!-- \/ Yoast SEO plugin. -->","yoast_head_json":{"title":"Devoluciones - SUMINISTROS MAIZ","robots":{"index":"index","follow":"follow","max-snippet":"max-snippet:-1","max-image-preview":"max-image-preview:large","max-video-preview":"max-video-preview:-1"},"canonical":"https:\/\/suministrosmaiz.com\/tienda\/devoluciones\/","og_locale":"es_ES","og_type":"article","og_title":"Devoluciones - SUMINISTROS MAIZ","og_description":"La devoluci\u00f3n El cliente deber\u00e1 devolver o entregar directamente el producto a SUMINISTROS MAIZ SL, a la direcci\u00f3n POL. IND. UGALDEA 18 20170, USURBIL (GUIP\u00daZCOA), sin ninguna demora indebida, y en todo caso en un plazo m\u00e1ximo de catorce d\u00edas naturales a partir de la fecha en que se formalice el derecho de desistimiento del [&hellip;]","og_url":"https:\/\/suministrosmaiz.com\/tienda\/devoluciones\/","og_site_name":"SUMINISTROS MAIZ","twitter_card":"summary_large_image","twitter_misc":{"Tiempo de lectura":"3 minutos"},"schema":{"@context":"https:\/\/schema.org","@graph":[{"@type":"WebPage","@id":"https:\/\/suministrosmaiz.com\/tienda\/devoluciones\/","url":"https:\/\/suministrosmaiz.com\/tienda\/devoluciones\/","name":"Devoluciones - SUMINISTROS MAIZ","isPartOf":{"@id":"https:\/\/suministrosmaiz.com\/tienda\/#website"},"datePublished":"2023-04-21T09:23:00+00:00","breadcrumb":{"@id":"https:\/\/suministrosmaiz.com\/tienda\/devoluciones\/#breadcrumb"},"inLanguage":"es","potentialAction":[{"@type":"ReadAction","target":["https:\/\/suministrosmaiz.com\/tienda\/devoluciones\/"]}]},{"@type":"BreadcrumbList","@id":"https:\/\/suministrosmaiz.com\/tienda\/devoluciones\/#breadcrumb","itemListElement":[{"@type":"ListItem","position":1,"name":"Portada","item":"https:\/\/suministrosmaiz.com\/tienda\/"},{"@type":"ListItem","position":2,"name":"Devoluciones"}]},{"@type":"WebSite","@id":"https:\/\/suministrosmaiz.com\/tienda\/#website","url":"https:\/\/suministrosmaiz.com\/tienda\/","name":"SUMINISTROS MAIZ","description":"Herramientas y Maquinaria para la Madera","publisher":{"@id":"https:\/\/suministrosmaiz.com\/tienda\/#organization"},"potentialAction":[{"@type":"SearchAction","target":{"@type":"EntryPoint","urlTemplate":"https:\/\/suministrosmaiz.com\/tienda\/?s={search_term_string}"},"query-input":{"@type":"PropertyValueSpecification","valueRequired":true,"valueName":"search_term_string"}}],"inLanguage":"es"},{"@type":"Organization","@id":"https:\/\/suministrosmaiz.com\/tienda\/#organization","name":"SUMINISTROS CARPINTER\u00cdA MAIZ","url":"https:\/\/suministrosmaiz.com\/tienda\/","logo":{"@type":"ImageObject","inLanguage":"es","@id":"https:\/\/suministrosmaiz.com\/tienda\/#\/schema\/logo\/image\/","url":"https:\/\/suministrosmaiz.com\/tienda\/wp-content\/uploads\/2020\/07\/suministros-maiz1464871156.png","contentUrl":"https:\/\/suministrosmaiz.com\/tienda\/wp-content\/uploads\/2020\/07\/suministros-maiz1464871156.png","width":235,"height":80,"caption":"SUMINISTROS CARPINTER\u00cdA MAIZ"},"image":{"@id":"https:\/\/suministrosmaiz.com\/tienda\/#\/schema\/logo\/image\/"}}]}},"_links":{"self":[{"href":"https:\/\/suministrosmaiz.com\/tienda\/wp-json\/wp\/v2\/pages\/971","targetHints":{"allow":["GET"]}}],"collection":[{"href":"https:\/\/suministrosmaiz.com\/tienda\/wp-json\/wp\/v2\/pages"}],"about":[{"href":"https:\/\/suministrosmaiz.com\/tienda\/wp-json\/wp\/v2\/types\/page"}],"author":[{"embeddable":true,"href":"https:\/\/suministrosmaiz.com\/tienda\/wp-json\/wp\/v2\/users\/1"}],"replies":[{"embeddable":true,"href":"https:\/\/suministrosmaiz.com\/tienda\/wp-json\/wp\/v2\/comments?post=971"}],"version-history":[{"count":1,"href":"https:\/\/suministrosmaiz.com\/tienda\/wp-json\/wp\/v2\/pages\/971\/revisions"}],"predecessor-version":[{"id":972,"href":"https:\/\/suministrosmaiz.com\/tienda\/wp-json\/wp\/v2\/pages\/971\/revisions\/972"}],"wp:attachment":[{"href":"https:\/\/suministrosmaiz.com\/tienda\/wp-json\/wp\/v2\/media?parent=971"}],"curies":[{"name":"wp","href":"https:\/\/api.w.org\/{rel}","templated":true}]}}